{"id":26,"date":"2018-09-02T14:22:57","date_gmt":"2018-09-02T14:22:57","guid":{"rendered":"https:\/\/elemental-war.com\/?page_id=26"},"modified":"2018-09-02T14:22:57","modified_gmt":"2018-09-02T14:22:57","slug":"closed-beta","status":"publish","type":"page","link":"https:\/\/elemental-war.com\/de\/closed-beta\/","title":{"rendered":"Closed Beta"},"content":{"rendered":"<h1>Bewirb dich f\u00fcr die Closed Beta von Elemental War!<\/h1>\n<p>&nbsp;<\/p>\n<p>Wir suchen Betatester f\u00fcr unser Tower-Defense-Game <strong>Elemental War<\/strong>! Warum du dich bewerben solltest und was dich erwartet, erf\u00e4hrst du hier.<\/p>\n<p>&nbsp;<\/p>\n<h2>Warum suchen wir dich f\u00fcr die Closed Beta?<\/h2>\n<p>Wir sind ein junges Unternehmen mit nur wenigen, daf\u00fcr umso engagierteren Mitarbeitern, die in den letzten Jahren das Tower-Defense-Spiel umgesetzt haben, von dem sie immer getr\u00e4umt haben. Dieser Traum steht kurz vor der Ver\u00f6ffentlichung. Was wir jetzt noch brauchen, sind unabh\u00e4ngige Meinungen \u2013 und hier kommst du ins Spiel! Wenn du Tower-Defense- und Roguelike-Games kennst und liebst, interessiert uns, welche St\u00e4rken und Schw\u00e4chen du in Elemental War findest. Also melde dich am besten heute noch an \u2013 die Pl\u00e4tze sind begrenzt!<\/p>\n<p>&nbsp;<\/p>\n<h2>Was erwarten wir von dir?<\/h2>\n<p>Wir erhoffen uns von dir ein Feedback, das deine unverf\u00e4lschten Eindr\u00fccke wiedergibt. F\u00fcr folgende Kategorien machst du dich auf die Suche und meldest uns bequem \u00fcber die Ingame-Reporting-Funktion, was dir auff\u00e4llt:<\/p>\n<ul>\n<li><strong>Bugs<\/strong>: Alles, was nicht so funktioniert, wie es funktionieren soll \u2013 kleine und gro\u00dfe Fehler im Spiel.<\/li>\n<li><strong>Feature-Ideen<\/strong>: Deiner Meinung nach fehlt etwas oder du hast eine Idee, das Spiel noch besser zu machen?<\/li>\n<li><strong>Balancing<\/strong>: Keine Turmkombination, keine F\u00e4higkeit darf \u00fcberm\u00e4chtig oder wirkungslos sein.<\/li>\n<\/ul>\n<p>Ein wenig Zeit, verteilt \u00fcber mehrere Monate, solltest du also ebenfalls mitbringen. Du musst kein vorgegebenes Zeitpensum erf\u00fcllen, aber nur regelm\u00e4\u00dfige Tests bringen uns weiter.<\/p>\n<p>&nbsp;<\/p>\n<h2>Was hast du davon?<\/h2>\n<ul>\n<li>Du spielst Elemental War in einem weitgehend bugfreien Stadium, aber <strong>bevor es erh\u00e4ltlich ist<\/strong>. Du bist live bei der Entwicklung eines ambitionierten Titels dabei und kannst selbst Ideen f\u00fcr Features anbringen, die du dir schon immer in einem Tower-Defense-Spiel gew\u00fcnscht hast!<\/li>\n<li>Die f\u00fcnf Betatester mit dem hilfreichsten Feedback erhalten zum Release eine <strong>kostenlose Version<\/strong>. Allen weiteren Betatestern gew\u00e4hren wir einen <strong>Rabatt von 50% auf das fertige Spiel<\/strong>.<\/li>\n<li>Du erh\u00e4ltst eine <strong>Auswertung deiner Statistiken<\/strong>, die du bei zuk\u00fcnftigen Bewerbungen angeben kannst: Wie viele Bugs und Featureideen du beigetragen hast, wie viele deiner Ideen umgesetzt wurden, wie lange du aktiv warst.<\/li>\n<\/ul>\n<p>&nbsp;<\/p>\n<h2>Wie bewirbst du dich?<\/h2>\n<p>Ganz unkompliziert: Schreibe uns in einer Mail an <a href=\"mailto:test@clockwork-origins.com\">test@clockwork-origins.com<\/a>, warum du f\u00fcr uns als Betatester geeignet bist, und du erh\u00e4ltst innerhalb weniger Tage eine Antwort von uns.<\/p>\n","protected":false},"excerpt":{"rendered":"<div class=\"entry-summary\">\nBewirb dich f\u00fcr die Closed Beta von Elemental War! &nbsp; Wir suchen Betatester f\u00fcr unser Tower-Defense-Game Elemental War! Warum du dich bewerben solltest und was dich erwartet, erf\u00e4hrst du hier. &nbsp; Warum suchen wir dich f\u00fcr die Closed Beta? Wir&hellip;\n<\/div>\n<div class=\"link-more\"><a href=\"https:\/\/elemental-war.com\/de\/closed-beta\/\" class=\"more-link\">Weiterlesen<span class=\"screen-reader-text\"> &ldquo;Closed Beta&rdquo;<\/span>&#8230;<\/a><\/div>\n","protected":false},"author":1,"featured_media":0,"parent":0,"menu_order":0,"comment_status":"closed","ping_status":"closed","template":"","meta":{"ngg_post_thumbnail":0,"footnotes":""},"class_list":["post-26","page","type-page","status-publish","hentry","entry"],"yoast_head":"<!-- This site is optimized with the Yoast SEO plugin v27.4 - https:\/\/yoast.com\/product\/yoast-seo-wordpress\/ -->\n<title>Closed Beta - Elemental War<\/title>\n<meta name=\"robots\" content=\"index, follow, max-snippet:-1, max-image-preview:large, max-video-preview:-1\" \/>\n<link rel=\"canonical\" href=\"https:\/\/elemental-war.com\/de\/closed-beta\/\" \/>\n<meta property=\"og:locale\" content=\"de_DE\" \/>\n<meta property=\"og:type\" content=\"article\" \/>\n<meta property=\"og:title\" content=\"Closed Beta - Elemental War\" \/>\n<meta property=\"og:description\" content=\"Bewirb dich f\u00fcr die Closed Beta von Elemental War! &nbsp; Wir suchen Betatester f\u00fcr unser Tower-Defense-Game Elemental War! Warum du dich bewerben solltest und was dich erwartet, erf\u00e4hrst du hier. &nbsp; Warum suchen wir dich f\u00fcr die Closed Beta? Wir&hellip; Weiterlesen &ldquo;Closed Beta&rdquo;...\" \/>\n<meta property=\"og:url\" content=\"https:\/\/elemental-war.com\/de\/closed-beta\/\" \/>\n<meta property=\"og:site_name\" content=\"Elemental War\" \/>\n<meta name=\"twitter:card\" content=\"summary_large_image\" \/>\n<meta name=\"twitter:label1\" content=\"Gesch\u00e4tzte Lesezeit\" \/>\n\t<meta name=\"twitter:data1\" content=\"2\u00a0Minuten\" \/>\n<script type=\"application\/ld+json\" class=\"yoast-schema-graph\">{\"@context\":\"https:\\\/\\\/schema.org\",\"@graph\":[{\"@type\":\"WebPage\",\"@id\":\"https:\\\/\\\/elemental-war.com\\\/de\\\/closed-beta\\\/\",\"url\":\"https:\\\/\\\/elemental-war.com\\\/de\\\/closed-beta\\\/\",\"name\":\"Closed Beta - Elemental War\",\"isPartOf\":{\"@id\":\"https:\\\/\\\/elemental-war.com\\\/#website\"},\"datePublished\":\"2018-09-02T14:22:57+00:00\",\"breadcrumb\":{\"@id\":\"https:\\\/\\\/elemental-war.com\\\/de\\\/closed-beta\\\/#breadcrumb\"},\"inLanguage\":\"de\",\"potentialAction\":[{\"@type\":\"ReadAction\",\"target\":[\"https:\\\/\\\/elemental-war.com\\\/de\\\/closed-beta\\\/\"]}]},{\"@type\":\"BreadcrumbList\",\"@id\":\"https:\\\/\\\/elemental-war.com\\\/de\\\/closed-beta\\\/#breadcrumb\",\"itemListElement\":[{\"@type\":\"ListItem\",\"position\":1,\"name\":\"Home\",\"item\":\"https:\\\/\\\/elemental-war.com\\\/de\\\/\"},{\"@type\":\"ListItem\",\"position\":2,\"name\":\"Closed Beta\"}]},{\"@type\":\"WebSite\",\"@id\":\"https:\\\/\\\/elemental-war.com\\\/#website\",\"url\":\"https:\\\/\\\/elemental-war.com\\\/\",\"name\":\"Elemental War\",\"description\":\"\",\"publisher\":{\"@id\":\"https:\\\/\\\/elemental-war.com\\\/#organization\"},\"potentialAction\":[{\"@type\":\"SearchAction\",\"target\":{\"@type\":\"EntryPoint\",\"urlTemplate\":\"https:\\\/\\\/elemental-war.com\\\/?s={search_term_string}\"},\"query-input\":{\"@type\":\"PropertyValueSpecification\",\"valueRequired\":true,\"valueName\":\"search_term_string\"}}],\"inLanguage\":\"de\"},{\"@type\":\"Organization\",\"@id\":\"https:\\\/\\\/elemental-war.com\\\/#organization\",\"name\":\"Elemental War\",\"url\":\"https:\\\/\\\/elemental-war.com\\\/\",\"logo\":{\"@type\":\"ImageObject\",\"inLanguage\":\"de\",\"@id\":\"https:\\\/\\\/elemental-war.com\\\/#\\\/schema\\\/logo\\\/image\\\/\",\"url\":\"https:\\\/\\\/elemental-war.com\\\/wp-content\\\/uploads\\\/cropped-ew_icon_512_transparent.png\",\"contentUrl\":\"https:\\\/\\\/elemental-war.com\\\/wp-content\\\/uploads\\\/cropped-ew_icon_512_transparent.png\",\"width\":512,\"height\":512,\"caption\":\"Elemental War\"},\"image\":{\"@id\":\"https:\\\/\\\/elemental-war.com\\\/#\\\/schema\\\/logo\\\/image\\\/\"}}]}<\/script>\n<!-- \/ Yoast SEO plugin. -->","yoast_head_json":{"title":"Closed Beta - Elemental War","robots":{"index":"index","follow":"follow","max-snippet":"max-snippet:-1","max-image-preview":"max-image-preview:large","max-video-preview":"max-video-preview:-1"},"canonical":"https:\/\/elemental-war.com\/de\/closed-beta\/","og_locale":"de_DE","og_type":"article","og_title":"Closed Beta - Elemental War","og_description":"Bewirb dich f\u00fcr die Closed Beta von Elemental War! &nbsp; Wir suchen Betatester f\u00fcr unser Tower-Defense-Game Elemental War! Warum du dich bewerben solltest und was dich erwartet, erf\u00e4hrst du hier. &nbsp; Warum suchen wir dich f\u00fcr die Closed Beta? Wir&hellip; Weiterlesen &ldquo;Closed Beta&rdquo;...","og_url":"https:\/\/elemental-war.com\/de\/closed-beta\/","og_site_name":"Elemental War","twitter_card":"summary_large_image","twitter_misc":{"Gesch\u00e4tzte Lesezeit":"2\u00a0Minuten"},"schema":{"@context":"https:\/\/schema.org","@graph":[{"@type":"WebPage","@id":"https:\/\/elemental-war.com\/de\/closed-beta\/","url":"https:\/\/elemental-war.com\/de\/closed-beta\/","name":"Closed Beta - Elemental War","isPartOf":{"@id":"https:\/\/elemental-war.com\/#website"},"datePublished":"2018-09-02T14:22:57+00:00","breadcrumb":{"@id":"https:\/\/elemental-war.com\/de\/closed-beta\/#breadcrumb"},"inLanguage":"de","potentialAction":[{"@type":"ReadAction","target":["https:\/\/elemental-war.com\/de\/closed-beta\/"]}]},{"@type":"BreadcrumbList","@id":"https:\/\/elemental-war.com\/de\/closed-beta\/#breadcrumb","itemListElement":[{"@type":"ListItem","position":1,"name":"Home","item":"https:\/\/elemental-war.com\/de\/"},{"@type":"ListItem","position":2,"name":"Closed Beta"}]},{"@type":"WebSite","@id":"https:\/\/elemental-war.com\/#website","url":"https:\/\/elemental-war.com\/","name":"Elemental War","description":"","publisher":{"@id":"https:\/\/elemental-war.com\/#organization"},"potentialAction":[{"@type":"SearchAction","target":{"@type":"EntryPoint","urlTemplate":"https:\/\/elemental-war.com\/?s={search_term_string}"},"query-input":{"@type":"PropertyValueSpecification","valueRequired":true,"valueName":"search_term_string"}}],"inLanguage":"de"},{"@type":"Organization","@id":"https:\/\/elemental-war.com\/#organization","name":"Elemental War","url":"https:\/\/elemental-war.com\/","logo":{"@type":"ImageObject","inLanguage":"de","@id":"https:\/\/elemental-war.com\/#\/schema\/logo\/image\/","url":"https:\/\/elemental-war.com\/wp-content\/uploads\/cropped-ew_icon_512_transparent.png","contentUrl":"https:\/\/elemental-war.com\/wp-content\/uploads\/cropped-ew_icon_512_transparent.png","width":512,"height":512,"caption":"Elemental War"},"image":{"@id":"https:\/\/elemental-war.com\/#\/schema\/logo\/image\/"}}]}},"_links":{"self":[{"href":"https:\/\/elemental-war.com\/de\/wp-json\/wp\/v2\/pages\/26","targetHints":{"allow":["GET"]}}],"collection":[{"href":"https:\/\/elemental-war.com\/de\/wp-json\/wp\/v2\/pages"}],"about":[{"href":"https:\/\/elemental-war.com\/de\/wp-json\/wp\/v2\/types\/page"}],"author":[{"embeddable":true,"href":"https:\/\/elemental-war.com\/de\/wp-json\/wp\/v2\/users\/1"}],"replies":[{"embeddable":true,"href":"https:\/\/elemental-war.com\/de\/wp-json\/wp\/v2\/comments?post=26"}],"version-history":[{"count":1,"href":"https:\/\/elemental-war.com\/de\/wp-json\/wp\/v2\/pages\/26\/revisions"}],"predecessor-version":[{"id":27,"href":"https:\/\/elemental-war.com\/de\/wp-json\/wp\/v2\/pages\/26\/revisions\/27"}],"wp:attachment":[{"href":"https:\/\/elemental-war.com\/de\/wp-json\/wp\/v2\/media?parent=26"}],"curies":[{"name":"wp","href":"https:\/\/api.w.org\/{rel}","templated":true}]}}